{"id":30,"date":"2025-01-21T22:16:03","date_gmt":"2025-01-21T22:16:03","guid":{"rendered":"https:\/\/jccs.edu.mx\/?page_id=30"},"modified":"2025-02-04T01:13:06","modified_gmt":"2025-02-04T01:13:06","slug":"nosotros","status":"publish","type":"page","link":"https:\/\/jccs.edu.mx\/?page_id=30","title":{"rendered":"Nosotros"},"content":{"rendered":"\n\n\n<h2>Misi\u00f3n<\/h2>\n\n\n\n<p>Somos una instituci\u00f3n que ofrece un servicio educativo de alta calidad, mediante un trabajo permanente en la transmisi\u00f3n de conocimientos, el fortalecimiento de valores, habilidades y actitudes de nuestros alumnos que les permitan afrontar con posibilidades de \u00e9xito su vida futura, a trav\u00e9s de su incorporaci\u00f3n a la Educaci\u00f3n Superior.<\/p>\n\n\n\n\n\n<figure class=\"wp-block-image aligncenter size-large is-resized\"><img loading=\"lazy\" decoding=\"async\" width=\"1024\" height=\"631\" src=\"https:\/\/jccs.edu.mx\/wp-content\/uploads\/2025\/01\/B4VN5SZB5BFFTKPVSODR32EVZA-1-1024x631.jpg\" alt=\"\" class=\"wp-image-58\" style=\"width:477px;height:auto\" srcset=\"https:\/\/jccs.edu.mx\/wp-content\/uploads\/2025\/01\/B4VN5SZB5BFFTKPVSODR32EVZA-1-1024x631.jpg 1024w, https:\/\/jccs.edu.mx\/wp-content\/uploads\/2025\/01\/B4VN5SZB5BFFTKPVSODR32EVZA-1-300x185.jpg 300w, https:\/\/jccs.edu.mx\/wp-content\/uploads\/2025\/01\/B4VN5SZB5BFFTKPVSODR32EVZA-1-768x473.jpg 768w, https:\/\/jccs.edu.mx\/wp-content\/uploads\/2025\/01\/B4VN5SZB5BFFTKPVSODR32EVZA-1.jpg 1201w\" sizes=\"auto, (max-width: 1024px) 100vw, 1024px\" \/><\/figure>\n\n\n\n\n\n<h2>Visi\u00f3n y Valores<\/h2>\n\n\n\n\n\n<h6>Visi\u00f3n<\/h6>\n\n\n\n<p>Ser la mejor instituci\u00f3n en la calidad de sus servicios para la formaci\u00f3n de alumnos en la toma de decisiones y soluci\u00f3n de problemas; sustentar su formaci\u00f3n profesional que propicie la adopci\u00f3n de valores universalmente aceptados y su integraci\u00f3n de manera solidaria y comprometida a la sociedad.<\/p>\n\n\n\n\n\n<h6>Valores<\/h6>\n\n\n\n<p>&#8211; Responsabilidad<br>&#8211; Disciplina<br>&#8211; Honestidad<br>&#8211; Respeto<br>&#8211; Creatividad<br>&#8211; Actitud positiva<\/p>\n\n\n\n\n\n<figure class=\"wp-block-image size-large\"><img loading=\"lazy\" decoding=\"async\" width=\"1024\" height=\"768\" src=\"https:\/\/jccs.edu.mx\/wp-content\/uploads\/2025\/02\/Imagen-de-WhatsApp-2025-01-31-a-las-10.02.48_0068de8e-1024x768.jpg\" alt=\"\" class=\"wp-image-138\" srcset=\"https:\/\/jccs.edu.mx\/wp-content\/uploads\/2025\/02\/Imagen-de-WhatsApp-2025-01-31-a-las-10.02.48_0068de8e-1024x768.jpg 1024w, https:\/\/jccs.edu.mx\/wp-content\/uploads\/2025\/02\/Imagen-de-WhatsApp-2025-01-31-a-las-10.02.48_0068de8e-300x225.jpg 300w, https:\/\/jccs.edu.mx\/wp-content\/uploads\/2025\/02\/Imagen-de-WhatsApp-2025-01-31-a-las-10.02.48_0068de8e-768x576.jpg 768w, https:\/\/jccs.edu.mx\/wp-content\/uploads\/2025\/02\/Imagen-de-WhatsApp-2025-01-31-a-las-10.02.48_0068de8e-1536x1152.jpg 1536w, https:\/\/jccs.edu.mx\/wp-content\/uploads\/2025\/02\/Imagen-de-WhatsApp-2025-01-31-a-las-10.02.48_0068de8e.jpg 1600w\" sizes=\"auto, (max-width: 1024px) 100vw, 1024px\" \/><\/figure>\n\n\n\n\n","protected":false},"excerpt":{"rendered":"","protected":false},"author":1,"featured_media":0,"parent":0,"menu_order":0,"comment_status":"closed","ping_status":"closed","template":"","meta":{"pagelayer_contact_templates":[],"_pagelayer_content":"","footnotes":""},"class_list":["post-30","page","type-page","status-publish","hentry"],"_links":{"self":[{"href":"https:\/\/jccs.edu.mx\/index.php?rest_route=\/wp\/v2\/pages\/30","targetHints":{"allow":["GET"]}}],"collection":[{"href":"https:\/\/jccs.edu.mx\/index.php?rest_route=\/wp\/v2\/pages"}],"about":[{"href":"https:\/\/jccs.edu.mx\/index.php?rest_route=\/wp\/v2\/types\/page"}],"author":[{"embeddable":true,"href":"https:\/\/jccs.edu.mx\/index.php?rest_route=\/wp\/v2\/users\/1"}],"replies":[{"embeddable":true,"href":"https:\/\/jccs.edu.mx\/index.php?rest_route=%2Fwp%2Fv2%2Fcomments&post=30"}],"version-history":[{"count":5,"href":"https:\/\/jccs.edu.mx\/index.php?rest_route=\/wp\/v2\/pages\/30\/revisions"}],"predecessor-version":[{"id":140,"href":"https:\/\/jccs.edu.mx\/index.php?rest_route=\/wp\/v2\/pages\/30\/revisions\/140"}],"wp:attachment":[{"href":"https:\/\/jccs.edu.mx\/index.php?rest_route=%2Fwp%2Fv2%2Fmedia&parent=30"}],"curies":[{"name":"wp","href":"https:\/\/api.w.org\/{rel}","templated":true}]}}