{"id":29,"date":"2025-01-21T22:16:03","date_gmt":"2025-01-21T22:16:03","guid":{"rendered":"https:\/\/jccs.edu.mx\/?page_id=29"},"modified":"2025-02-04T01:23:40","modified_gmt":"2025-02-04T01:23:40","slug":"inicio","status":"publish","type":"page","link":"https:\/\/jccs.edu.mx\/","title":{"rendered":"Inicio"},"content":{"rendered":"\n<h2 class=\"wp-block-heading alignwide\" id=\"we-re-a-studio-in-berlin-with-an-international-practice-in-architecture-urban-planning-and-interior-design-we-believe-in-sharing-knowledge-and-promoting-dialogue-to-increase-the-creative-potential-of-collaboration\" style=\"font-size:48px;line-height:1.1\"><strong>La preparatoria \u00abJos\u00e9 C\u00e9sar Cruz Sandoval\u00bb es una instituci\u00f3n p\u00fablica, adscrita al Sistema Educativo Estatal Regular, que fue creada en el a\u00f1o 1998. Ofrece un servicio educativo de calidad al interior del plantel para asegurar la satisfacci\u00f3n de nuestra comunidad.<\/strong><\/h2>\n\n\n\n<p><\/p>\n\n\n\n\n\n<div class=\"wp-block-group featured-courses is-layout-flow wp-block-group-is-layout-flow\">\n<h2 class=\"wp-block-heading has-text-align-center section-heading has-roboto-slab-font-family\">Anuncios importantes<\/h2>\n\n\n\n<p class=\"has-text-align-center featured-text\">En esta secci\u00f3n ver\u00e1s los anuncios o noticias importantes.<\/p>\n\n\n\n<div class=\"wp-block-group has-global-padding is-layout-constrained wp-container-core-group-is-layout-4 wp-block-group-is-layout-constrained\">\n<div class=\"wp-block-columns is-layout-flex wp-container-core-columns-is-layout-4 wp-block-columns-is-layout-flex\">\n<div class=\"wp-block-column featured-box is-layout-flow wp-block-column-is-layout-flow\">\n<div class=\"wp-block-cover is-light featured-box-inner wow zoomIn\" style=\"min-height:250px;aspect-ratio:unset;\"><span aria-hidden=\"true\" class=\"wp-block-cover__background has-primary-background-color has-background-dim-90 has-background-dim\"><\/span><img decoding=\"async\" class=\"wp-block-cover__image-background wp-image-389\" alt=\"\" src=\"https:\/\/jccs.edu.mx\/wp-content\/themes\/educational-blocks\/images\/featured1-bg.jpg\" data-object-fit=\"cover\"\/><div class=\"wp-block-cover__inner-container has-global-padding is-layout-constrained wp-container-core-cover-is-layout-1 wp-block-cover-is-layout-constrained\">\n<div class=\"wp-block-columns is-layout-flex wp-container-core-columns-is-layout-1 wp-block-columns-is-layout-flex\">\n<div class=\"wp-block-column is-layout-flow wp-block-column-is-layout-flow\">\n<div class=\"wp-block-group is-layout-flow wp-block-group-is-layout-flow\" style=\"padding-bottom:var(--wp--preset--spacing--40)\">\n<p class=\"has-white-color has-text-color has-link-color has-poppins-font-family has-regular-font-size wp-elements-31514deed985df179808adbf205f4677\" style=\"font-style:normal;font-weight:700\"><\/p>\n\n\n\n<h6 class=\"wp-block-heading has-white-color has-text-color has-link-color has-roboto-slab-font-family has-medium-font-size wp-elements-b27dce5bc8c0e37ca7d94104f908e3f8\" style=\"margin-top:var(--wp--preset--spacing--20);font-style:normal;font-weight:800\"><\/h6>\n\n\n\n<p class=\"has-white-color has-text-color has-link-color has-extra-small-font-size wp-elements-8a0dcd92f70a1279e7ad2920e040eef8\" style=\"margin-top:var(--wp--preset--spacing--20)\"><\/p>\n\n\n\n<div class=\"wp-block-buttons is-layout-flex wp-block-buttons-is-layout-flex\">\n<div class=\"wp-block-button is-style-outline is-style-outline--1\" style=\"font-style:normal;font-weight:700\"><a class=\"wp-block-button__link has-white-color has-text-color has-link-color has-border-color has-white-border-color wp-element-button\" style=\"border-width:2px;border-radius:0px;padding-top:var(--wp--preset--spacing--20);padding-right:var(--wp--preset--spacing--30);padding-bottom:var(--wp--preset--spacing--20);padding-left:var(--wp--preset--spacing--30)\">Leer m\u00e1s<\/a><\/div>\n<\/div>\n<\/div>\n<\/div>\n\n\n\n<div class=\"wp-block-column is-vertically-aligned-bottom featured-img-box is-layout-flow wp-block-column-is-layout-flow\"><\/div>\n<\/div>\n<\/div><\/div>\n<\/div>\n\n\n\n<div class=\"wp-block-column featured-box is-layout-flow wp-block-column-is-layout-flow\">\n<div class=\"wp-block-cover is-light featured-box-inner wow zoomIn\" style=\"min-height:250px;aspect-ratio:unset;\"><span aria-hidden=\"true\" class=\"wp-block-cover__background has-ternary-background-color has-background-dim-90 has-background-dim\"><\/span><img decoding=\"async\" class=\"wp-block-cover__image-background wp-image-389\" alt=\"\" src=\"https:\/\/jccs.edu.mx\/wp-content\/themes\/educational-blocks\/images\/featured2-bg.jpg\" data-object-fit=\"cover\"\/><div class=\"wp-block-cover__inner-container has-global-padding is-layout-constrained wp-container-core-cover-is-layout-2 wp-block-cover-is-layout-constrained\">\n<div class=\"wp-block-columns is-layout-flex wp-container-core-columns-is-layout-2 wp-block-columns-is-layout-flex\">\n<div class=\"wp-block-column is-layout-flow wp-block-column-is-layout-flow\">\n<div class=\"wp-block-group is-layout-flow wp-block-group-is-layout-flow\" style=\"padding-bottom:var(--wp--preset--spacing--40)\">\n<p class=\"has-white-color has-text-color has-link-color has-poppins-font-family has-regular-font-size wp-elements-31514deed985df179808adbf205f4677\" style=\"font-style:normal;font-weight:700\"><\/p>\n\n\n\n<h6 class=\"wp-block-heading has-white-color has-text-color has-link-color has-roboto-slab-font-family has-medium-font-size wp-elements-b27dce5bc8c0e37ca7d94104f908e3f8\" style=\"margin-top:var(--wp--preset--spacing--20);font-style:normal;font-weight:800\"><\/h6>\n\n\n\n<p class=\"has-white-color has-text-color has-link-color has-extra-small-font-size wp-elements-8a0dcd92f70a1279e7ad2920e040eef8\" style=\"margin-top:var(--wp--preset--spacing--20)\"><\/p>\n\n\n\n<div class=\"wp-block-buttons is-layout-flex wp-block-buttons-is-layout-flex\">\n<div class=\"wp-block-button is-style-outline is-style-outline--2\" style=\"font-style:normal;font-weight:700\"><a class=\"wp-block-button__link has-white-color has-text-color has-link-color has-border-color has-white-border-color wp-element-button\" style=\"border-width:2px;border-radius:0px;padding-top:var(--wp--preset--spacing--20);padding-right:var(--wp--preset--spacing--30);padding-bottom:var(--wp--preset--spacing--20);padding-left:var(--wp--preset--spacing--30)\">Leer m\u00e1s<\/a><\/div>\n<\/div>\n<\/div>\n<\/div>\n\n\n\n<div class=\"wp-block-column is-vertically-aligned-bottom featured-img-box is-layout-flow wp-block-column-is-layout-flow\"><\/div>\n<\/div>\n<\/div><\/div>\n<\/div>\n\n\n\n<div class=\"wp-block-column featured-box is-layout-flow wp-block-column-is-layout-flow\">\n<div class=\"wp-block-cover is-light featured-box-inner wow zoomIn\" style=\"min-height:250px;aspect-ratio:unset;\"><span aria-hidden=\"true\" class=\"wp-block-cover__background has-secondary-background-color has-background-dim-90 has-background-dim\"><\/span><img decoding=\"async\" class=\"wp-block-cover__image-background wp-image-389\" alt=\"\" src=\"https:\/\/jccs.edu.mx\/wp-content\/themes\/educational-blocks\/images\/featured3-bg.jpg\" data-object-fit=\"cover\"\/><div class=\"wp-block-cover__inner-container has-global-padding is-layout-constrained wp-container-core-cover-is-layout-3 wp-block-cover-is-layout-constrained\">\n<div class=\"wp-block-columns is-layout-flex wp-container-core-columns-is-layout-3 wp-block-columns-is-layout-flex\">\n<div class=\"wp-block-column is-layout-flow wp-block-column-is-layout-flow\">\n<div class=\"wp-block-group is-layout-flow wp-block-group-is-layout-flow\" style=\"padding-bottom:var(--wp--preset--spacing--40)\">\n<p class=\"has-white-color has-text-color has-link-color has-poppins-font-family has-regular-font-size wp-elements-31514deed985df179808adbf205f4677\" style=\"font-style:normal;font-weight:700\"><\/p>\n\n\n\n<h6 class=\"wp-block-heading has-white-color has-text-color has-link-color has-roboto-slab-font-family has-medium-font-size wp-elements-b27dce5bc8c0e37ca7d94104f908e3f8\" style=\"margin-top:var(--wp--preset--spacing--20);font-style:normal;font-weight:800\"><\/h6>\n\n\n\n<p class=\"has-white-color has-text-color has-link-color has-extra-small-font-size wp-elements-8a0dcd92f70a1279e7ad2920e040eef8\" style=\"margin-top:var(--wp--preset--spacing--20)\"><\/p>\n\n\n\n<div class=\"wp-block-buttons is-layout-flex wp-block-buttons-is-layout-flex\">\n<div class=\"wp-block-button is-style-outline is-style-outline--3\" style=\"font-style:normal;font-weight:700\"><a class=\"wp-block-button__link has-white-color has-text-color has-link-color has-border-color has-white-border-color wp-element-button\" style=\"border-width:2px;border-radius:0px;padding-top:var(--wp--preset--spacing--20);padding-right:var(--wp--preset--spacing--30);padding-bottom:var(--wp--preset--spacing--20);padding-left:var(--wp--preset--spacing--30)\">Leer m\u00e1s<\/a><\/div>\n<\/div>\n<\/div>\n<\/div>\n\n\n\n<div class=\"wp-block-column is-vertically-aligned-bottom featured-img-box is-layout-flow wp-block-column-is-layout-flow\"><\/div>\n<\/div>\n<\/div><\/div>\n<\/div>\n<\/div>\n<\/div>\n<\/div>\n","protected":false},"excerpt":{"rendered":"<p>La preparatoria \u00abJos\u00e9 C\u00e9sar Cruz Sandoval\u00bb es una instituci\u00f3n p\u00fablica, adscrita al Sistema Educativo Estatal Regular, que fue creada en el a\u00f1o 1998. Ofrece un servicio educativo de calidad al interior del plantel para asegurar la satisfacci\u00f3n de nuestra comunidad. Anuncios importantes En esta secci\u00f3n ver\u00e1s los anuncios o noticias importantes.<\/p>\n","protected":false},"author":1,"featured_media":0,"parent":0,"menu_order":0,"comment_status":"closed","ping_status":"closed","template":"","meta":{"pagelayer_contact_templates":[],"_pagelayer_content":"","footnotes":""},"class_list":["post-29","page","type-page","status-publish","hentry"],"_links":{"self":[{"href":"https:\/\/jccs.edu.mx\/index.php?rest_route=\/wp\/v2\/pages\/29","targetHints":{"allow":["GET"]}}],"collection":[{"href":"https:\/\/jccs.edu.mx\/index.php?rest_route=\/wp\/v2\/pages"}],"about":[{"href":"https:\/\/jccs.edu.mx\/index.php?rest_route=\/wp\/v2\/types\/page"}],"author":[{"embeddable":true,"href":"https:\/\/jccs.edu.mx\/index.php?rest_route=\/wp\/v2\/users\/1"}],"replies":[{"embeddable":true,"href":"https:\/\/jccs.edu.mx\/index.php?rest_route=%2Fwp%2Fv2%2Fcomments&post=29"}],"version-history":[{"count":17,"href":"https:\/\/jccs.edu.mx\/index.php?rest_route=\/wp\/v2\/pages\/29\/revisions"}],"predecessor-version":[{"id":146,"href":"https:\/\/jccs.edu.mx\/index.php?rest_route=\/wp\/v2\/pages\/29\/revisions\/146"}],"wp:attachment":[{"href":"https:\/\/jccs.edu.mx\/index.php?rest_route=%2Fwp%2Fv2%2Fmedia&parent=29"}],"curies":[{"name":"wp","href":"https:\/\/api.w.org\/{rel}","templated":true}]}}