{"id":126,"date":"2025-01-26T01:11:02","date_gmt":"2025-01-26T01:11:02","guid":{"rendered":"https:\/\/jccs.edu.mx\/?page_id=126"},"modified":"2025-01-28T22:23:48","modified_gmt":"2025-01-28T22:23:48","slug":"preinscripciones","status":"publish","type":"page","link":"https:\/\/jccs.edu.mx\/?page_id=126","title":{"rendered":"Preinscripciones"},"content":{"rendered":"\n<p>Para iniciar con el proceso de preinscripci\u00f3n da clic <a href=\"https:\/\/seer.gob.mx\/siems\/instituciones\/index.php?action=preinscripcion\" data-type=\"link\" data-id=\"https:\/\/seer.gob.mx\/siems\/instituciones\/index.php?action=preinscripcion\"><mark style=\"background-color:rgba(0, 0, 0, 0)\" class=\"has-inline-color has-primary-color\">aqu\u00ed <\/mark><\/a><\/p>\n\n\n\n<p><a href=\"https:\/\/seer.gob.mx\/siems\/instituciones\/index.php?action=manual\" data-type=\"link\" data-id=\"https:\/\/seer.gob.mx\/siems\/instituciones\/index.php?action=manual\"><mark style=\"background-color:rgba(0, 0, 0, 0)\" class=\"has-inline-color has-primary-color\">Aqu\u00ed<\/mark><\/a> encontrar\u00e1s el manual para llevar a cabo el proceso de forma adecuada, y <a href=\"https:\/\/seer.gob.mx\/siems\/instituciones\/index.php?action=temario\" data-type=\"link\" data-id=\"https:\/\/seer.gob.mx\/siems\/instituciones\/index.php?action=temario\"><mark style=\"background-color:rgba(0, 0, 0, 0)\" class=\"has-inline-color has-primary-color\">aqu\u00ed<\/mark><\/a> el temario.<\/p>\n\n\n\n<p><\/p>\n","protected":false},"excerpt":{"rendered":"<p>Para iniciar con el proceso de preinscripci\u00f3n da clic aqu\u00ed Aqu\u00ed encontrar\u00e1s el manual para llevar a cabo el proceso de forma adecuada, y aqu\u00ed el temario.<\/p>\n","protected":false},"author":1,"featured_media":0,"parent":0,"menu_order":0,"comment_status":"closed","ping_status":"closed","template":"","meta":{"pagelayer_contact_templates":[],"_pagelayer_content":"","footnotes":""},"class_list":["post-126","page","type-page","status-publish","hentry"],"_links":{"self":[{"href":"https:\/\/jccs.edu.mx\/index.php?rest_route=\/wp\/v2\/pages\/126","targetHints":{"allow":["GET"]}}],"collection":[{"href":"https:\/\/jccs.edu.mx\/index.php?rest_route=\/wp\/v2\/pages"}],"about":[{"href":"https:\/\/jccs.edu.mx\/index.php?rest_route=\/wp\/v2\/types\/page"}],"author":[{"embeddable":true,"href":"https:\/\/jccs.edu.mx\/index.php?rest_route=\/wp\/v2\/users\/1"}],"replies":[{"embeddable":true,"href":"https:\/\/jccs.edu.mx\/index.php?rest_route=%2Fwp%2Fv2%2Fcomments&post=126"}],"version-history":[{"count":2,"href":"https:\/\/jccs.edu.mx\/index.php?rest_route=\/wp\/v2\/pages\/126\/revisions"}],"predecessor-version":[{"id":130,"href":"https:\/\/jccs.edu.mx\/index.php?rest_route=\/wp\/v2\/pages\/126\/revisions\/130"}],"wp:attachment":[{"href":"https:\/\/jccs.edu.mx\/index.php?rest_route=%2Fwp%2Fv2%2Fmedia&parent=126"}],"curies":[{"name":"wp","href":"https:\/\/api.w.org\/{rel}","templated":true}]}}