{"id":123,"date":"2025-01-26T01:07:24","date_gmt":"2025-01-26T01:07:24","guid":{"rendered":"https:\/\/jccs.edu.mx\/?page_id=123"},"modified":"2025-02-18T23:34:01","modified_gmt":"2025-02-18T23:34:01","slug":"convocatoria","status":"publish","type":"page","link":"https:\/\/jccs.edu.mx\/?page_id=123","title":{"rendered":"Convocatoria"},"content":{"rendered":"\n<p>A partir de Febrero se publicar\u00e1 en los principales diarios la convocatoria para el ingreso a las Preparatoria del Sistema Educativo Estatal Regular (<a href=\"https:\/\/seer.gob.mx\/siems\/instituciones\/\">aqu\u00ed <\/a>podr\u00e1s ingresar para realizar tu proceso de preinscripci\u00f3n).<\/p>\n\n\n\n<p>Documentos necesarios:<\/p>\n\n\n\n<ul class=\"wp-block-list\">\n<li>Acta de nacimiento (copia)<\/li>\n\n\n\n<li>CURP formato nuevo (copia)<\/li>\n\n\n\n<li>Constancia de estudios (original) de ser alumno regular o copia fotost\u00e1tica del certificado de secundaria<\/li>\n\n\n\n<li>Tres fotograf\u00edas tama\u00f1o infantil de la misma toma color o blanco y negro en papel mate.<\/li>\n<\/ul>\n\n\n\n<p>El pago de cuota de derecho a examen es de <strong><mark style=\"background-color:rgba(0, 0, 0, 0)\" class=\"has-inline-color has-primary-color\">$250.00 (doscientos cincuenta pesos 00\/100 M.N.)<\/mark><\/strong> que se depositar\u00e1 a la cuenta cuenta n\u00famero <strong><mark style=\"background-color:rgba(0, 0, 0, 0)\" class=\"has-inline-color has-foreground-color\">1279578276<\/mark><\/strong> del banco <mark style=\"background-color:rgba(0, 0, 0, 0)\" class=\"has-inline-color has-foreground-color\"><strong>Banorte<\/strong><\/mark> (cualquier sucursal) a nombre del Estado de San Luis Potos\u00ed.<\/p>\n\n\n\n<p>Debido a la contingencia sanitaria, toda la informaci\u00f3n necesaria para realizar el proceso de inscripci\u00f3n ser\u00e1 publicada en la p\u00e1gina del <mark style=\"background-color:rgba(0, 0, 0, 0)\" class=\"has-inline-color has-foreground-color\"><strong>S<a href=\"https:\/\/seer.gob.mx\/siems\/instituciones\/\" data-type=\"link\" data-id=\"https:\/\/seer.gob.mx\/siems\/instituciones\/\">istema Educativo Estatal Regular<\/a><\/strong><\/mark><\/p>\n\n\n\n<p><\/p>\n","protected":false},"excerpt":{"rendered":"<p>A partir de Febrero se publicar\u00e1 en los principales diarios la convocatoria para el ingreso a las Preparatoria del Sistema Educativo Estatal Regular (aqu\u00ed podr\u00e1s ingresar para realizar tu proceso de preinscripci\u00f3n). Documentos necesarios: El pago de cuota de derecho a examen es de $250.00 (doscientos cincuenta pesos 00\/100 M.N.) que se depositar\u00e1 a la [&hellip;]<\/p>\n","protected":false},"author":1,"featured_media":0,"parent":0,"menu_order":0,"comment_status":"closed","ping_status":"closed","template":"","meta":{"pagelayer_contact_templates":[],"_pagelayer_content":"","footnotes":""},"class_list":["post-123","page","type-page","status-publish","hentry"],"_links":{"self":[{"href":"https:\/\/jccs.edu.mx\/index.php?rest_route=\/wp\/v2\/pages\/123","targetHints":{"allow":["GET"]}}],"collection":[{"href":"https:\/\/jccs.edu.mx\/index.php?rest_route=\/wp\/v2\/pages"}],"about":[{"href":"https:\/\/jccs.edu.mx\/index.php?rest_route=\/wp\/v2\/types\/page"}],"author":[{"embeddable":true,"href":"https:\/\/jccs.edu.mx\/index.php?rest_route=\/wp\/v2\/users\/1"}],"replies":[{"embeddable":true,"href":"https:\/\/jccs.edu.mx\/index.php?rest_route=%2Fwp%2Fv2%2Fcomments&post=123"}],"version-history":[{"count":3,"href":"https:\/\/jccs.edu.mx\/index.php?rest_route=\/wp\/v2\/pages\/123\/revisions"}],"predecessor-version":[{"id":148,"href":"https:\/\/jccs.edu.mx\/index.php?rest_route=\/wp\/v2\/pages\/123\/revisions\/148"}],"wp:attachment":[{"href":"https:\/\/jccs.edu.mx\/index.php?rest_route=%2Fwp%2Fv2%2Fmedia&parent=123"}],"curies":[{"name":"wp","href":"https:\/\/api.w.org\/{rel}","templated":true}]}}