{"id":118,"date":"2025-01-26T00:49:24","date_gmt":"2025-01-26T00:49:24","guid":{"rendered":"https:\/\/jccs.edu.mx\/?page_id=118"},"modified":"2025-02-04T01:11:04","modified_gmt":"2025-02-04T01:11:04","slug":"actividades-extracurriculares","status":"publish","type":"page","link":"https:\/\/jccs.edu.mx\/?page_id=118","title":{"rendered":"Actividades extracurriculares"},"content":{"rendered":"\n<div class=\"wp-block-columns is-layout-flex wp-container-core-columns-is-layout-1 wp-block-columns-is-layout-flex\">\n<div class=\"wp-block-column is-layout-flow wp-block-column-is-layout-flow\">\n\n\n<h2>Materias de fortalecimiento<\/h2>\n\n\n<\/div>\n\n\n\n<div class=\"wp-block-column is-layout-flow wp-block-column-is-layout-flow\">\n<h2>Deportivas<\/h2>\n<\/div>\n\n\n\n<div class=\"wp-block-column is-layout-flow wp-block-column-is-layout-flow\">\n<h2>Culturales<\/h2>\n<\/div>\n<\/div>\n\n\n\n<div class=\"wp-block-columns is-layout-flex wp-container-core-columns-is-layout-2 wp-block-columns-is-layout-flex\">\n<div class=\"wp-block-column is-layout-flow wp-block-column-is-layout-flow\">\n<ul class=\"wp-block-list\">\n<li>Componente de Cultura<\/li>\n\n\n\n<li>Componente de Salud y Deporte<\/li>\n\n\n\n<li>Procesos B\u00e1sicos del Pensamiento<\/li>\n\n\n\n<li>Razonamiento verbal y soluci\u00f3n de problemas<\/li>\n\n\n\n<li>Taller de Matem\u00e1ticas<\/li>\n\n\n\n<li>Taller de Qu\u00edmica<\/li>\n\n\n\n<li>Taller Acad\u00e9mico de Habilidad Lectora<\/li>\n\n\n\n<li>Laboratorios de Qu\u00edmica, Biolog\u00eda y F\u00edsica<\/li>\n<\/ul>\n<\/div>\n\n\n\n<div class=\"wp-block-column is-layout-flow wp-block-column-is-layout-flow\">\n<ul class=\"wp-block-list\">\n<li>B\u00e1squetbol<\/li>\n\n\n\n<li>Ajedrez<\/li>\n\n\n\n<li>Voleibol<\/li>\n\n\n\n<li>F\u00fatbol<\/li>\n\n\n\n<li>B\u00e9isbol<\/li>\n<\/ul>\n<\/div>\n\n\n\n<div class=\"wp-block-column is-layout-flow wp-block-column-is-layout-flow\">\n<ul class=\"wp-block-list\">\n<li>Coro<\/li>\n\n\n\n<li>Baile contempor\u00e1neo<\/li>\n\n\n\n<li>Banda de Guerra<\/li>\n<\/ul>\n<\/div>\n<\/div>\n\n\n\n<div class=\"wp-block-columns is-layout-flex wp-container-core-columns-is-layout-3 wp-block-columns-is-layout-flex\">\n<div class=\"wp-block-column is-layout-flow wp-block-column-is-layout-flow\">\n<figure class=\"wp-block-image size-full\"><img loading=\"lazy\" decoding=\"async\" width=\"1600\" height=\"1200\" src=\"https:\/\/jccs.edu.mx\/wp-content\/uploads\/2025\/02\/Imagen-de-WhatsApp-2025-01-31-a-las-10.01.36_8db9f1a0.jpg\" alt=\"\" class=\"wp-image-135\" srcset=\"https:\/\/jccs.edu.mx\/wp-content\/uploads\/2025\/02\/Imagen-de-WhatsApp-2025-01-31-a-las-10.01.36_8db9f1a0.jpg 1600w, https:\/\/jccs.edu.mx\/wp-content\/uploads\/2025\/02\/Imagen-de-WhatsApp-2025-01-31-a-las-10.01.36_8db9f1a0-300x225.jpg 300w, https:\/\/jccs.edu.mx\/wp-content\/uploads\/2025\/02\/Imagen-de-WhatsApp-2025-01-31-a-las-10.01.36_8db9f1a0-1024x768.jpg 1024w, https:\/\/jccs.edu.mx\/wp-content\/uploads\/2025\/02\/Imagen-de-WhatsApp-2025-01-31-a-las-10.01.36_8db9f1a0-768x576.jpg 768w, https:\/\/jccs.edu.mx\/wp-content\/uploads\/2025\/02\/Imagen-de-WhatsApp-2025-01-31-a-las-10.01.36_8db9f1a0-1536x1152.jpg 1536w\" sizes=\"auto, (max-width: 1600px) 100vw, 1600px\" \/><\/figure>\n<\/div>\n\n\n\n<div class=\"wp-block-column is-layout-flow wp-block-column-is-layout-flow\">\n<figure class=\"wp-block-image size-large\"><img loading=\"lazy\" decoding=\"async\" width=\"1024\" height=\"638\" src=\"https:\/\/jccs.edu.mx\/wp-content\/uploads\/2025\/02\/Imagen-de-WhatsApp-2025-01-31-a-las-10.02.09_c7f983ef-1024x638.jpg\" alt=\"\" class=\"wp-image-136\" srcset=\"https:\/\/jccs.edu.mx\/wp-content\/uploads\/2025\/02\/Imagen-de-WhatsApp-2025-01-31-a-las-10.02.09_c7f983ef-1024x638.jpg 1024w, https:\/\/jccs.edu.mx\/wp-content\/uploads\/2025\/02\/Imagen-de-WhatsApp-2025-01-31-a-las-10.02.09_c7f983ef-300x187.jpg 300w, https:\/\/jccs.edu.mx\/wp-content\/uploads\/2025\/02\/Imagen-de-WhatsApp-2025-01-31-a-las-10.02.09_c7f983ef-768x479.jpg 768w, https:\/\/jccs.edu.mx\/wp-content\/uploads\/2025\/02\/Imagen-de-WhatsApp-2025-01-31-a-las-10.02.09_c7f983ef.jpg 1312w\" sizes=\"auto, (max-width: 1024px) 100vw, 1024px\" \/><\/figure>\n<\/div>\n<\/div>\n","protected":false},"excerpt":{"rendered":"","protected":false},"author":1,"featured_media":0,"parent":0,"menu_order":0,"comment_status":"closed","ping_status":"closed","template":"","meta":{"pagelayer_contact_templates":[],"_pagelayer_content":"","footnotes":""},"class_list":["post-118","page","type-page","status-publish","hentry"],"_links":{"self":[{"href":"https:\/\/jccs.edu.mx\/index.php?rest_route=\/wp\/v2\/pages\/118","targetHints":{"allow":["GET"]}}],"collection":[{"href":"https:\/\/jccs.edu.mx\/index.php?rest_route=\/wp\/v2\/pages"}],"about":[{"href":"https:\/\/jccs.edu.mx\/index.php?rest_route=\/wp\/v2\/types\/page"}],"author":[{"embeddable":true,"href":"https:\/\/jccs.edu.mx\/index.php?rest_route=\/wp\/v2\/users\/1"}],"replies":[{"embeddable":true,"href":"https:\/\/jccs.edu.mx\/index.php?rest_route=%2Fwp%2Fv2%2Fcomments&post=118"}],"version-history":[{"count":3,"href":"https:\/\/jccs.edu.mx\/index.php?rest_route=\/wp\/v2\/pages\/118\/revisions"}],"predecessor-version":[{"id":137,"href":"https:\/\/jccs.edu.mx\/index.php?rest_route=\/wp\/v2\/pages\/118\/revisions\/137"}],"wp:attachment":[{"href":"https:\/\/jccs.edu.mx\/index.php?rest_route=%2Fwp%2Fv2%2Fmedia&parent=118"}],"curies":[{"name":"wp","href":"https:\/\/api.w.org\/{rel}","templated":true}]}}